{"id":961,"date":"2022-08-31T07:14:16","date_gmt":"2022-08-31T07:14:16","guid":{"rendered":"https:\/\/startersites.io\/elementor\/charity\/?page_id=961"},"modified":"2025-02-10T14:48:14","modified_gmt":"2025-02-10T14:48:14","slug":"about","status":"publish","type":"page","link":"https:\/\/xiomoo.com\/de\/about\/","title":{"rendered":"\u00dcber uns"},"content":{"rendered":"<div data-elementor-type=\"wp-page\" data-elementor-id=\"961\" class=\"elementor elementor-961\" data-elementor-post-type=\"page\">\n\t\t\t\t<div class=\"elementor-element elementor-element-55b7a04 e-flex e-con-boxed e-con e-parent\" data-id=\"55b7a04\" data-element_type=\"container\" data-settings=\"{&quot;background_background&quot;:&quot;classic&quot;}\">\n\t\t\t\t\t<div class=\"e-con-inner\">\n\t\t\t\t<div class=\"elementor-element elementor-element-dddb815 elementor-widget elementor-widget-heading\" data-id=\"dddb815\" data-element_type=\"widget\" data-widget_type=\"heading.default\">\n\t\t\t\t<div class=\"elementor-widget-container\">\n\t\t\t\t\t<h2 class=\"elementor-heading-title elementor-size-default\">Ihr vertrauensw\u00fcrdiger Partner in der Herstellung von Fensterdekorationen<\/h2>\t\t\t\t<\/div>\n\t\t\t\t<\/div>\n\t\t\t\t<div class=\"elementor-element elementor-element-1ed0627 elementor-widget__width-initial elementor-widget elementor-widget-text-editor\" data-id=\"1ed0627\" data-element_type=\"widget\" data-widget_type=\"text-editor.default\">\n\t\t\t\t<div class=\"elementor-widget-container\">\n\t\t\t\t\t\t\t\t\t<p>Bei XIOMOO sind wir mehr als nur ein Hersteller; wir sind ein Team, das sich daf\u00fcr einsetzt, Ihrem Unternehmen zum Erfolg zu verhelfen. Mit \u00fcber 10 Jahren Erfahrung in der Branche der Fensterdekorationen, einschlie\u00dflich Rollos und Jalousien, spezialisieren wir uns auf die Herstellung hochwertiger, anpassbarer Produkte, die den vielf\u00e4ltigen Bed\u00fcrfnissen unserer globalen Kunden entsprechen.<\/p>\t\t\t\t\t\t\t\t<\/div>\n\t\t\t\t<\/div>\n\t\t\t\t\t<\/div>\n\t\t\t\t<\/div>\n\t\t<div class=\"elementor-element elementor-element-d59b0cb e-flex e-con-boxed e-con e-parent\" data-id=\"d59b0cb\" data-element_type=\"container\">\n\t\t\t\t\t<div class=\"e-con-inner\">\n\t\t<div class=\"elementor-element elementor-element-e55f7a6 e-con-full e-flex e-con e-child\" data-id=\"e55f7a6\" data-element_type=\"container\">\n\t\t\t\t<div class=\"elementor-element elementor-element-32dfca5 elementor-widget elementor-widget-heading\" data-id=\"32dfca5\" data-element_type=\"widget\" data-widget_type=\"heading.default\">\n\t\t\t\t<div class=\"elementor-widget-container\">\n\t\t\t\t\t<h2 class=\"elementor-heading-title elementor-size-default\">Unsere Mission<\/h2>\t\t\t\t<\/div>\n\t\t\t\t<\/div>\n\t\t\t\t<div class=\"elementor-element elementor-element-a7dec03 elementor-widget elementor-widget-text-editor\" data-id=\"a7dec03\" data-element_type=\"widget\" data-widget_type=\"text-editor.default\">\n\t\t\t\t<div class=\"elementor-widget-container\">\n\t\t\t\t\t\t\t\t\t<p>Unternehmen mit hochwertigen, kosteneffizienten und anpassbaren Fensterdekorationen zu st\u00e4rken, die R\u00e4ume aufwerten und Erfolg f\u00f6rdern. Wir konzentrieren uns darauf, au\u00dfergew\u00f6hnlichen Wert zu liefern, w\u00e4hrend wir Kundenzufriedenheit und langfristige Partnerschaften priorisieren.<\/p>\t\t\t\t\t\t\t\t<\/div>\n\t\t\t\t<\/div>\n\t\t\t\t<\/div>\n\t\t<div class=\"elementor-element elementor-element-6093a4e e-con-full e-flex e-con e-child\" data-id=\"6093a4e\" data-element_type=\"container\" data-settings=\"{&quot;background_background&quot;:&quot;classic&quot;}\">\n\t\t\t\t<\/div>\n\t\t\t\t\t<\/div>\n\t\t\t\t<\/div>\n\t\t<div class=\"elementor-element elementor-element-962ad77 e-flex e-con-boxed e-con e-parent\" data-id=\"962ad77\" data-element_type=\"container\">\n\t\t\t\t\t<div class=\"e-con-inner\">\n\t\t<div class=\"elementor-element elementor-element-4b8d2fc e-con-full e-flex e-con e-child\" data-id=\"4b8d2fc\" data-element_type=\"container\" data-settings=\"{&quot;background_background&quot;:&quot;classic&quot;}\">\n\t\t\t\t<\/div>\n\t\t<div class=\"elementor-element elementor-element-5af0957 e-con-full e-flex e-con e-child\" data-id=\"5af0957\" data-element_type=\"container\">\n\t\t\t\t<div class=\"elementor-element elementor-element-8e1b2fd elementor-widget elementor-widget-heading\" data-id=\"8e1b2fd\" data-element_type=\"widget\" data-widget_type=\"heading.default\">\n\t\t\t\t<div class=\"elementor-widget-container\">\n\t\t\t\t\t<h2 class=\"elementor-heading-title elementor-size-default\">Unsere Geschichte<\/h2>\t\t\t\t<\/div>\n\t\t\t\t<\/div>\n\t\t\t\t<div class=\"elementor-element elementor-element-76f7a3c elementor-widget elementor-widget-text-editor\" data-id=\"76f7a3c\" data-element_type=\"widget\" data-widget_type=\"text-editor.default\">\n\t\t\t\t<div class=\"elementor-widget-container\">\n\t\t\t\t\t\t\t\t\t<p data-pm-slice=\"1 1 []\">Gegr\u00fcndet vor \u00fcber einem Jahrzehnt im Herzen der Textilindustrie, ist XIOMOO zu einem f\u00fchrenden Hersteller von Fensterdekorationen, einschlie\u00dflich Rollos und Jalousien, gewachsen. Unser Standort in Keqiao, Shaoxing, Zhejiang Province \u2013 Heimat der bekannten China Textile City<\/p><p data-pm-slice=\"1 1 []\">Profitieren wir von unvergleichlichem Zugang zu hochwertigen Rohstoffen und einer fortschrittlichen Lieferkette. Dieser strategische Standort erm\u00f6glicht es uns, au\u00dfergew\u00f6hnliche Qualit\u00e4t zu liefern und gleichzeitig die Kosteneffizienz f\u00fcr unsere Kunden weltweit zu wahren.<\/p>\t\t\t\t\t\t\t\t<\/div>\n\t\t\t\t<\/div>\n\t\t\t\t<\/div>\n\t\t\t\t\t<\/div>\n\t\t\t\t<\/div>\n\t\t<div class=\"elementor-element elementor-element-9e3d256 e-flex e-con-boxed e-con e-parent\" data-id=\"9e3d256\" data-element_type=\"container\">\n\t\t\t\t\t<div class=\"e-con-inner\">\n\t\t<div class=\"elementor-element elementor-element-8f2bbc5 e-con-full e-flex e-con e-child\" data-id=\"8f2bbc5\" data-element_type=\"container\">\n\t\t\t\t<div class=\"elementor-element elementor-element-b0dbcd4 elementor-widget elementor-widget-heading\" data-id=\"b0dbcd4\" data-element_type=\"widget\" data-widget_type=\"heading.default\">\n\t\t\t\t<div class=\"elementor-widget-container\">\n\t\t\t\t\t<h2 class=\"elementor-heading-title elementor-size-default\">Lernen Sie unseren Gr\u00fcnder kennen<\/h2>\t\t\t\t<\/div>\n\t\t\t\t<\/div>\n\t\t\t\t<div class=\"elementor-element elementor-element-71f0b29 elementor-widget elementor-widget-text-editor\" data-id=\"71f0b29\" data-element_type=\"widget\" data-widget_type=\"text-editor.default\">\n\t\t\t\t<div class=\"elementor-widget-container\">\n\t\t\t\t\t\t\t\t\t<p data-pm-slice=\"1 1 []\">XIOMOO wurde von Elaine Lu gegr\u00fcndet, die viele Jahre in Keqiao, Shaoxing, gelebt hat. Neben der erfolgreichen F\u00fchrung <a href=\"https:\/\/enatrendy.com\/\" target=\"_blank\" rel=\"noopener\">eines Stoffbezugs-Gesch\u00e4fts<\/a>hat Elaine ein tiefes Verst\u00e4ndnis f\u00fcr das Fachgebiet entwickelt und verf\u00fcgt \u00fcber umfangreiche lokale Verbindungen. Sie gr\u00fcndete XIOMOO, um Unternehmen bessere Qualit\u00e4ts- und kosteng\u00fcnstigere L\u00f6sungen anzubieten. Ihre Vision ist es, dauerhafte Partnerschaften aufzubauen, indem sie die einzigartigen Bed\u00fcrfnisse jedes Kunden versteht und erf\u00fcllt.<\/p>\t\t\t\t\t\t\t\t<\/div>\n\t\t\t\t<\/div>\n\t\t\t\t<\/div>\n\t\t<div class=\"elementor-element elementor-element-05119e2 e-con-full e-flex e-con e-child\" data-id=\"05119e2\" data-element_type=\"container\">\n\t\t\t\t<div class=\"elementor-element elementor-element-29b3ace elementor-widget elementor-widget-image\" data-id=\"29b3ace\" data-element_type=\"widget\" data-widget_type=\"image.default\">\n\t\t\t\t<div class=\"elementor-widget-container\">\n\t\t\t\t\t\t\t\t\t\t\t\t\t\t\t<img fetchpriority=\"high\" decoding=\"async\" width=\"600\" height=\"600\" src=\"https:\/\/xiomooshades.b-cdn.net\/wp-content\/uploads\/2025\/01\/Elaine-Lu-portrait.webp\" class=\"attachment-medium_large size-medium_large wp-image-1768\" alt=\"Portr\u00e4t von Elaine Lu\" srcset=\"https:\/\/xiomooshades.b-cdn.net\/wp-content\/uploads\/2025\/01\/Elaine-Lu-portrait.webp 600w, https:\/\/xiomooshades.b-cdn.net\/wp-content\/uploads\/2025\/01\/Elaine-Lu-portrait-300x300.webp 300w, https:\/\/xiomooshades.b-cdn.net\/wp-content\/uploads\/2025\/01\/Elaine-Lu-portrait-150x150.webp 150w\" sizes=\"(max-width: 600px) 100vw, 600px\" \/>\t\t\t\t\t\t\t\t\t\t\t\t\t\t\t<\/div>\n\t\t\t\t<\/div>\n\t\t\t\t<\/div>\n\t\t\t\t\t<\/div>\n\t\t\t\t<\/div>\n\t\t<div class=\"elementor-element elementor-element-469a573 e-con-full e-flex e-con e-parent\" data-id=\"469a573\" data-element_type=\"container\">\n\t\t\t\t<div class=\"elementor-element elementor-element-aab9f03 elementor-widget elementor-widget-shortcode\" data-id=\"aab9f03\" data-element_type=\"widget\" data-widget_type=\"shortcode.default\">\n\t\t\t\t<div class=\"elementor-widget-container\">\n\t\t\t\t\t\t\t<div class=\"elementor-shortcode\">\t\t<div data-elementor-type=\"container\" data-elementor-id=\"1769\" class=\"elementor elementor-1769\" data-elementor-post-type=\"elementor_library\">\n\t\t\t\t<div class=\"elementor-element elementor-element-3d5cd667 e-flex e-con-boxed e-con e-parent\" data-id=\"3d5cd667\" data-element_type=\"container\" data-settings=\"{&quot;background_background&quot;:&quot;classic&quot;}\">\n\t\t\t\t\t<div class=\"e-con-inner\">\n\t\t<div class=\"elementor-element elementor-element-152565d8 e-con-full e-flex e-con e-child\" data-id=\"152565d8\" data-element_type=\"container\">\n\t\t\t\t<div class=\"elementor-element elementor-element-619d8b70 elementor-widget elementor-widget-text-editor\" data-id=\"619d8b70\" data-element_type=\"widget\" data-widget_type=\"text-editor.default\">\n\t\t\t\t<div class=\"elementor-widget-container\">\n\t\t\t\t\t\t\t\t\t<p><strong>Bereit, mit uns zusammenzuarbeiten?<\/strong><\/p>\t\t\t\t\t\t\t\t<\/div>\n\t\t\t\t<\/div>\n\t\t\t\t<div class=\"elementor-element elementor-element-2c4aeb9f elementor-widget-divider--view-line elementor-widget elementor-widget-divider\" data-id=\"2c4aeb9f\" data-element_type=\"widget\" data-widget_type=\"divider.default\">\n\t\t\t\t<div class=\"elementor-widget-container\">\n\t\t\t\t\t\t\t<div class=\"elementor-divider\">\n\t\t\t<span class=\"elementor-divider-separator\">\n\t\t\t\t\t\t<\/span>\n\t\t<\/div>\n\t\t\t\t\t\t<\/div>\n\t\t\t\t<\/div>\n\t\t\t\t<div class=\"elementor-element elementor-element-2cf8824e elementor-widget elementor-widget-heading\" data-id=\"2cf8824e\" data-element_type=\"widget\" data-widget_type=\"heading.default\">\n\t\t\t\t<div class=\"elementor-widget-container\">\n\t\t\t\t\t<h2 class=\"elementor-heading-title elementor-size-default\">Partner der Experten f\u00fcr Rollos &amp; Jalousien-Herstellung<\/h2>\t\t\t\t<\/div>\n\t\t\t\t<\/div>\n\t\t\t\t<div class=\"elementor-element elementor-element-44ab7680 elementor-widget elementor-widget-text-editor\" data-id=\"44ab7680\" data-element_type=\"widget\" data-widget_type=\"text-editor.default\">\n\t\t\t\t<div class=\"elementor-widget-container\">\n\t\t\t\t\t\t\t\t\t<p>Auf der Suche nach einem zuverl\u00e4ssigen und professionellen Hersteller von Rollos? XIOMOO spezialisiert sich auf die Lieferung hochwertiger, anpassbarer Fensterl\u00f6sungen, die auf Ihre Bed\u00fcrfnisse zugeschnitten sind.<\/p><ul><li><strong>Mehr als 10 Jahre Erfahrung<\/strong> in der Herstellung von Rollos.<\/li><li><strong>Direkt vom Hersteller<\/strong> f\u00fcr maximale Kosteneinsparungen.<\/li><li><strong>Vollst\u00e4ndig anpassbare Optionen<\/strong> um Ihre Projektanforderungen zu erf\u00fcllen.<\/li><\/ul><p><strong>Klicken Sie unten, um noch heute Ihre Partnerschaft mit XIOMOO zu beginnen!<\/strong><\/p>\t\t\t\t\t\t\t\t<\/div>\n\t\t\t\t<\/div>\n\t\t\t\t<\/div>\n\t\t<div class=\"elementor-element elementor-element-7991eb7 e-con-full e-flex e-con e-child\" data-id=\"7991eb7\" data-element_type=\"container\">\n\t\t\t\t<div class=\"elementor-element elementor-element-81552ed fluentform-widget-submit-button-full-width elementor-widget__width-initial fluent-form-widget-step-header-yes fluent-form-widget-step-progressbar-yes elementor-widget elementor-widget-fluent-form-widget\" data-id=\"81552ed\" data-element_type=\"widget\" data-widget_type=\"fluent-form-widget.default\">\n\t\t\t\t<div class=\"elementor-widget-container\">\n\t\t\t\t\t\n            <div class=\"fluentform-widget-wrapper hide-fluent-form-labels fluentform-widget-align-left\">\n\n                            <div class=\"fluentform-widget-heading\">\n                                        <h3 class=\"fluentform-widget-title\">\n                        Angebot anfordern                    <\/h3>\n                                                        <\/div>\n            \n            <div class='fluentform ff-default fluentform_wrapper_1 ffs_default_wrap'><form data-form_id=\"1\" id=\"fluentform_1\" class=\"frm-fluent-form fluent_form_1 ff-el-form-top ff_form_instance_1_1 ff-form-loading ffs_default\" data-form_instance=\"ff_form_instance_1_1\" method=\"POST\" data-turnstile_key=\"0x4AAAAAAA5ycDJk6FY7rjS-\" action=\"\" ><fieldset  style=\"border: none!important;margin: 0!important;padding: 0!important;background-color: transparent!important;box-shadow: none!important;outline: none!important; min-inline-size: 100%;\">\n                    <legend class=\"ff_screen_reader_title\" style=\"display: block; margin: 0!important;padding: 0!important;height: 0!important;text-indent: -999999px;width: 0!important;overflow:hidden;\">Globales Kontaktformular<\/legend><input type='hidden' name='__fluent_form_embded_post_id' value='961' \/><input type=\"hidden\" id=\"_fluentform_1_fluentformnonce\" name=\"_fluentform_1_fluentformnonce\" value=\"05ce1034d4\" \/><input type=\"hidden\" name=\"_wp_http_referer\" value=\"\/de\/wp-json\/wp\/v2\/pages\/961\" \/><div data-type=\"name-element\" data-name=\"names\" class=\"ff-field_container ff-name-field-wrapper\" ><div class='ff-t-container'><div class='ff-t-cell'><div class='ff-el-group  ff-el-form-hide_label'><div class=\"ff-el-input--label ff-el-is-required asterisk-right\"><label for='ff_1_names_first_name_' >Name<\/label><\/div><div class='ff-el-input--content'><input type=\"text\" name=\"names[first_name]\" id=\"ff_1_names_first_name_\" class=\"ff-el-form-control\" placeholder=\"Ihr Name*\" aria-invalid=\"false\" aria-required=\"true\"><\/div><\/div><\/div><\/div><\/div><div data-name=\"ff_cn_id_1\"  class='ff-t-container ff-column-container ff_columns_total_2'><div class='ff-t-cell ff-t-column-1' style='flex-basis: 50%;'><div class='ff-el-group ff-el-form-hide_label'><div class=\"ff-el-input--label ff-el-is-required asterisk-right\"><label for='ff_1_email' aria-label=\"E-Mail\">E-Mail<\/label><\/div><div class='ff-el-input--content'><input type=\"email\" name=\"email\" id=\"ff_1_email\" class=\"ff-el-form-control\" placeholder=\"E-Mail-Adresse*\" data-name=\"email\"  aria-invalid=\"false\" aria-required=\"true\"><\/div><\/div><\/div><div class='ff-t-cell ff-t-column-2' style='flex-basis: 50%;'><div class='ff-el-group ff-el-form-hide_label'><div class=\"ff-el-input--label asterisk-right\"><label for='ff_1_phone' aria-label=\"Telefon\/WhatsApp\">Telefon\/WhatsApp<\/label><\/div><div class='ff-el-input--content'><input name=\"phone\" class=\"ff-el-form-control ff-el-phone\" type=\"tel\" placeholder=\"Telefon\/WhatsAPP*\" data-name=\"phone\" id=\"ff_1_phone\" inputmode=\"tel\"  aria-invalid='false' aria-required=\"false\"><\/div><\/div><\/div><\/div><div class='ff-el-group ff-el-form-hide_label'><div class=\"ff-el-input--label asterisk-right\"><label for='ff_1_input_text' aria-label=\"Firma\">Firma<\/label><\/div><div class='ff-el-input--content'><input type=\"text\" name=\"input_text\" class=\"ff-el-form-control\" placeholder=\"Firma*\" data-name=\"input_text\" id=\"ff_1_input_text\"  aria-invalid=\"false\" aria-required=\"false\"><\/div><\/div><div class='ff-el-group ff-el-form-hide_label'><div class=\"ff-el-input--label ff-el-is-required asterisk-right\"><label for='ff_1_message' aria-label=\"Ihre Nachricht\">Ihre Nachricht<\/label><\/div><div class='ff-el-input--content'><textarea aria-invalid=\"false\" aria-required=\"true\" name=\"message\" id=\"ff_1_message\" class=\"ff-el-form-control\" placeholder=\"Ihre Nachricht* Alle Details zu Ihren Bed\u00fcrfnissen, wie z.B. welches Produkt und gesch\u00e4tzte Menge.\" rows=\"4\" cols=\"2\" data-name=\"message\" ><\/textarea><\/div><\/div><div class='ff-el-group' style='margin-bottom: 0;'><div class='ff-el-input--content'><div data-fluent_id='1' name='cf-turnstile-response'><div\n\t\tdata-sitekey='0x4AAAAAAA5ycDJk6FY7rjS-'\n\t\tdata-theme='auto'\n\t\tid='fluentform-turnstile-1-1'\n\t\tclass='ff-el-turnstile cf-turnstile'\n\t\tdata-appearance='interaction-only'><\/div><\/div><\/div><\/div><div class='ff-el-group ff-text-center ff_submit_btn_wrapper'><button type=\"submit\" class=\"ff-btn ff-btn-submit ff-btn-lg ff_btn_style wpf_has_custom_css\" >Formular absenden<\/button><\/div><\/fieldset><input type=\"hidden\" name=\"trp-form-language\" value=\"de\"\/><\/form><div id='fluentform_1_errors' class='ff-errors-in-stack ff_form_instance_1_1 ff-form-loading_errors ff_form_instance_1_1_errors'><\/div><\/div>        <script type=\"text\/javascript\">\n            window.fluent_form_ff_form_instance_1_1 = {\"id\":\"1\",\"settings\":{\"layout\":{\"labelPlacement\":\"top\",\"helpMessagePlacement\":\"with_label\",\"errorMessagePlacement\":\"inline\",\"cssClassName\":\"\",\"asteriskPlacement\":\"asterisk-right\"},\"restrictions\":{\"denyEmptySubmission\":{\"enabled\":false}}},\"form_instance\":\"ff_form_instance_1_1\",\"form_id_selector\":\"fluentform_1\",\"rules\":{\"names[first_name]\":{\"required\":{\"value\":true,\"message\":\"This field is required\",\"global\":false,\"global_message\":\"This field is required\"}},\"names[middle_name]\":{\"required\":{\"value\":false,\"message\":\"This field is required\",\"global\":false,\"global_message\":\"This field is required\"}},\"names[last_name]\":{\"required\":{\"value\":false,\"message\":\"This field is required\",\"global\":false,\"global_message\":\"This field is required\"}},\"email\":{\"required\":{\"value\":true,\"message\":\"This field is required\",\"global\":false,\"global_message\":\"This field is required\"},\"email\":{\"value\":true,\"message\":\"This field must contain a valid email\",\"global\":false,\"global_message\":\"This field must contain a valid email\"}},\"phone\":{\"required\":{\"value\":false,\"global\":true,\"message\":\"This field is required\",\"global_message\":\"This field is required\"},\"valid_phone_number\":{\"value\":false,\"global\":true,\"message\":\"\",\"global_message\":\"Phone number is not valid\"}},\"input_text\":{\"required\":{\"value\":false,\"message\":\"This field is required\",\"global_message\":\"This field is required\",\"global\":true}},\"message\":{\"required\":{\"value\":true,\"message\":\"This field is required\",\"global\":false,\"global_message\":\"This field is required\"}},\"cf-turnstile-response\":[]},\"debounce_time\":300};\n                    <\/script>\n                    <\/div>\n\n            \t\t\t\t<\/div>\n\t\t\t\t<\/div>\n\t\t\t\t<\/div>\n\t\t\t\t\t<\/div>\n\t\t\t\t<\/div>\n\t\t\t\t<\/div>\n\t\t<\/div>\n\t\t\t\t\t\t<\/div>\n\t\t\t\t<\/div>\n\t\t\t\t<\/div>\n\t\t\t\t<\/div>","protected":false},"excerpt":{"rendered":"<p>Erfahren Sie mehr \u00fcber XIOMOO, einen f\u00fchrenden Hersteller von Jalousien &amp; Rollos, der sich auf Gro\u00dfhandelsl\u00f6sungen f\u00fcr Einzelh\u00e4ndler, H\u00e4ndler und Projektauftragnehmer spezialisiert hat.<\/p>","protected":false},"author":1,"featured_media":1786,"parent":0,"menu_order":0,"comment_status":"closed","ping_status":"closed","template":"","meta":{"footnotes":""},"class_list":["post-961","page","type-page","status-publish","has-post-thumbnail","hentry"],"blocksy_meta":{"styles_descriptor":{"styles":{"desktop":"","tablet":"","mobile":""},"google_fonts":[],"version":6}},"_links":{"self":[{"href":"https:\/\/xiomoo.com\/de\/wp-json\/wp\/v2\/pages\/961","targetHints":{"allow":["GET"]}}],"collection":[{"href":"https:\/\/xiomoo.com\/de\/wp-json\/wp\/v2\/pages"}],"about":[{"href":"https:\/\/xiomoo.com\/de\/wp-json\/wp\/v2\/types\/page"}],"author":[{"embeddable":true,"href":"https:\/\/xiomoo.com\/de\/wp-json\/wp\/v2\/users\/1"}],"replies":[{"embeddable":true,"href":"https:\/\/xiomoo.com\/de\/wp-json\/wp\/v2\/comments?post=961"}],"version-history":[{"count":16,"href":"https:\/\/xiomoo.com\/de\/wp-json\/wp\/v2\/pages\/961\/revisions"}],"predecessor-version":[{"id":2357,"href":"https:\/\/xiomoo.com\/de\/wp-json\/wp\/v2\/pages\/961\/revisions\/2357"}],"wp:featuredmedia":[{"embeddable":true,"href":"https:\/\/xiomoo.com\/de\/wp-json\/wp\/v2\/media\/1786"}],"wp:attachment":[{"href":"https:\/\/xiomoo.com\/de\/wp-json\/wp\/v2\/media?parent=961"}],"curies":[{"name":"wp","href":"https:\/\/api.w.org\/{rel}","templated":true}]}}